{"id":2418,"date":"2022-03-04T11:30:53","date_gmt":"2022-03-04T17:30:53","guid":{"rendered":"http:\/\/adtec.com.gt\/tienda\/?post_type=product&#038;p=2418"},"modified":"2022-03-15T10:42:02","modified_gmt":"2022-03-15T16:42:02","slug":"implementacion-tienda-de-linea-plus","status":"publish","type":"product","link":"http:\/\/adtec.com.gt\/tienda\/index.php\/product\/implementacion-tienda-de-linea-plus\/","title":{"rendered":"Implementaci\u00f3n tienda de l\u00ednea Plus"},"content":{"rendered":"","protected":false},"excerpt":{"rendered":"<h3>Tienda en l\u00ednea Plus<\/h3>\n<p>&nbsp;<\/p>\n<ul>\n<li>100 Productos<\/li>\n<li>100 Pedidos al mes<\/li>\n<li>Incluye dominio, <strong>(tu marca)tienda.com.gt<\/strong><\/li>\n<li>Categor\u00edas y subcategor\u00edas ilimitadas<\/li>\n<li>Carrito de compras<\/li>\n<li>Contacto<\/li>\n<li>Link de redes sociales<\/li>\n<li>Checkout<\/li>\n<li>Dise\u00f1o de tienda en l\u00ednea personalizado (platillas a elecci\u00f3n)<\/li>\n<li>1 Capacitaci\u00f3n a usuario y acompa\u00f1amiento inicial<\/li>\n<\/ul>\n<p><strong>Implementaci\u00f3n Incluye:<\/strong><br \/>\n&#8211; Carga de cat\u00e1logo de productos<br \/>\n(No incluye carga de im\u00e1genes)<br \/>\n&#8211; 1 Capacitaci\u00f3n de Usuario administrador y acompa\u00f1amiento inicial.<\/p>\n","protected":false},"featured_media":2471,"template":"","meta":{"om_disable_all_campaigns":false,"_monsterinsights_skip_tracking":false,"_monsterinsights_sitenote_active":false,"_monsterinsights_sitenote_note":"","_monsterinsights_sitenote_category":0,"site-sidebar-layout":"default","site-content-layout":"default","ast-site-content-layout":"","site-content-style":"default","site-sidebar-style":"default","ast-global-header-display":"","ast-banner-title-visibility":"","ast-main-header-display":"","ast-hfb-above-header-display":"","ast-hfb-below-header-display":"","ast-hfb-mobile-header-display":"","site-post-title":"","ast-breadcrumbs-content":"","ast-featured-img":"","footer-sml-layout":"","theme-transparent-header-meta":"default","adv-header-id-meta":"","stick-header-meta":"","header-above-stick-meta":"","header-main-stick-meta":"","header-below-stick-meta":"","astra-migrate-meta-layouts":"default","ast-page-background-enabled":"default","ast-page-background-meta":{"desktop":{"background-color":"var(--ast-global-color-4)","background-image":"","background-repeat":"repeat","background-position":"center center","background-size":"auto","background-attachment":"scroll","background-type":"","background-media":"","overlay-type":"","overlay-color":"","overlay-opacity":"","overlay-gradient":""},"tablet":{"background-color":"","background-image":"","background-repeat":"repeat","background-position":"center center","background-size":"auto","background-attachment":"scroll","background-type":"","background-media":"","overlay-type":"","overlay-color":"","overlay-opacity":"","overlay-gradient":""},"mobile":{"background-color":"","background-image":"","background-repeat":"repeat","background-position":"center center","background-size":"auto","background-attachment":"scroll","background-type":"","background-media":"","overlay-type":"","overlay-color":"","overlay-opacity":"","overlay-gradient":""}},"ast-content-background-meta":{"desktop":{"background-color":"var(--ast-global-color-5)","background-image":"","background-repeat":"repeat","background-position":"center center","background-size":"auto","background-attachment":"scroll","background-type":"","background-media":"","overlay-type":"","overlay-color":"","overlay-opacity":"","overlay-gradient":""},"tablet":{"background-color":"var(--ast-global-color-5)","background-image":"","background-repeat":"repeat","background-position":"center center","background-size":"auto","background-attachment":"scroll","background-type":"","background-media":"","overlay-type":"","overlay-color":"","overlay-opacity":"","overlay-gradient":""},"mobile":{"background-color":"var(--ast-global-color-5)","background-image":"","background-repeat":"repeat","background-position":"center center","background-size":"auto","background-attachment":"scroll","background-type":"","background-media":"","overlay-type":"","overlay-color":"","overlay-opacity":"","overlay-gradient":""}},"jetpack_post_was_ever_published":false,"_joinchat":[],"jetpack_publicize_message":"","jetpack_publicize_feature_enabled":true,"jetpack_social_post_already_shared":true,"jetpack_social_options":{"image_generator_settings":{"template":"highway","enabled":false},"version":2}},"product_brand":[],"product_cat":[22],"product_tag":[],"class_list":{"0":"post-2418","1":"product","2":"type-product","3":"status-publish","4":"has-post-thumbnail","6":"product_cat-servicios-web","7":"desktop-align-left","8":"tablet-align-left","9":"mobile-align-left","11":"first","12":"instock","13":"taxable","14":"shipping-taxable","15":"purchasable","16":"product-type-simple"},"jetpack_publicize_connections":[],"jetpack_sharing_enabled":true,"jetpack-related-posts":[],"_links":{"self":[{"href":"http:\/\/adtec.com.gt\/tienda\/index.php\/wp-json\/wp\/v2\/product\/2418","targetHints":{"allow":["GET"]}}],"collection":[{"href":"http:\/\/adtec.com.gt\/tienda\/index.php\/wp-json\/wp\/v2\/product"}],"about":[{"href":"http:\/\/adtec.com.gt\/tienda\/index.php\/wp-json\/wp\/v2\/types\/product"}],"wp:featuredmedia":[{"embeddable":true,"href":"http:\/\/adtec.com.gt\/tienda\/index.php\/wp-json\/wp\/v2\/media\/2471"}],"wp:attachment":[{"href":"http:\/\/adtec.com.gt\/tienda\/index.php\/wp-json\/wp\/v2\/media?parent=2418"}],"wp:term":[{"taxonomy":"product_brand","embeddable":true,"href":"http:\/\/adtec.com.gt\/tienda\/index.php\/wp-json\/wp\/v2\/product_brand?post=2418"},{"taxonomy":"product_cat","embeddable":true,"href":"http:\/\/adtec.com.gt\/tienda\/index.php\/wp-json\/wp\/v2\/product_cat?post=2418"},{"taxonomy":"product_tag","embeddable":true,"href":"http:\/\/adtec.com.gt\/tienda\/index.php\/wp-json\/wp\/v2\/product_tag?post=2418"}],"curies":[{"name":"wp","href":"https:\/\/api.w.org\/{rel}","templated":true}]}}