{"id":145,"date":"2021-10-04T16:17:07","date_gmt":"2021-10-04T22:17:07","guid":{"rendered":"http:\/\/adtec.com.gt\/tienda\/?post_type=product&#038;p=145"},"modified":"2021-11-02T20:08:37","modified_gmt":"2021-11-03T02:08:37","slug":"its-crm","status":"publish","type":"product","link":"http:\/\/adtec.com.gt\/tienda\/index.php\/product\/its-crm\/","title":{"rendered":"ITS &#8211; CRM"},"content":{"rendered":"","protected":false},"excerpt":{"rendered":"<p>ITS &#8211; CRM<\/p>\n<p><strong>1 Usuario<\/strong><\/p>\n<p>En nuestro sistema \ud835\uddd6\ud835\udde5\ud835\udde0, lleva un control interno.<br \/>\n&#8211; Automatizando las tareas administrativas.<br \/>\n&#8211; D\u00e1ndole un seguimiento efectivo a las tareas pendientes.<br \/>\n&#8211; Asignando tareas importantes ya sea ligada a un cliente o a nivel general con una fecha de terminaci\u00f3n.<br \/>\nRevisa a fondo las m\u00e9tricas personalizadas para tu negocio en relaci\u00f3n al cumplimiento y mide el rendimiento de la empresa en funci\u00f3n de tus metas.<\/p>\n<p>&nbsp;<\/p>\n<p><strong>Pago \u00fanico inicial*<\/strong><\/p>\n","protected":false},"featured_media":257,"template":"","meta":{"om_disable_all_campaigns":false,"_monsterinsights_skip_tracking":false,"_monsterinsights_sitenote_active":false,"_monsterinsights_sitenote_note":"","_monsterinsights_sitenote_category":0,"site-sidebar-layout":"default","site-content-layout":"default","ast-site-content-layout":"","site-content-style":"default","site-sidebar-style":"default","ast-global-header-display":"","ast-banner-title-visibility":"","ast-main-header-display":"","ast-hfb-above-header-display":"","ast-hfb-below-header-display":"","ast-hfb-mobile-header-display":"","site-post-title":"","ast-breadcrumbs-content":"","ast-featured-img":"","footer-sml-layout":"","theme-transparent-header-meta":"default","adv-header-id-meta":"","stick-header-meta":"","header-above-stick-meta":"","header-main-stick-meta":"","header-below-stick-meta":"","astra-migrate-meta-layouts":"default","ast-page-background-enabled":"default","ast-page-background-meta":{"desktop":{"background-color":"var(--ast-global-color-4)","background-image":"","background-repeat":"repeat","background-position":"center center","background-size":"auto","background-attachment":"scroll","background-type":"","background-media":"","overlay-type":"","overlay-color":"","overlay-opacity":"","overlay-gradient":""},"tablet":{"background-color":"","background-image":"","background-repeat":"repeat","background-position":"center center","background-size":"auto","background-attachment":"scroll","background-type":"","background-media":"","overlay-type":"","overlay-color":"","overlay-opacity":"","overlay-gradient":""},"mobile":{"background-color":"","background-image":"","background-repeat":"repeat","background-position":"center center","background-size":"auto","background-attachment":"scroll","background-type":"","background-media":"","overlay-type":"","overlay-color":"","overlay-opacity":"","overlay-gradient":""}},"ast-content-background-meta":{"desktop":{"background-color":"var(--ast-global-color-5)","background-image":"","background-repeat":"repeat","background-position":"center center","background-size":"auto","background-attachment":"scroll","background-type":"","background-media":"","overlay-type":"","overlay-color":"","overlay-opacity":"","overlay-gradient":""},"tablet":{"background-color":"var(--ast-global-color-5)","background-image":"","background-repeat":"repeat","background-position":"center center","background-size":"auto","background-attachment":"scroll","background-type":"","background-media":"","overlay-type":"","overlay-color":"","overlay-opacity":"","overlay-gradient":""},"mobile":{"background-color":"var(--ast-global-color-5)","background-image":"","background-repeat":"repeat","background-position":"center center","background-size":"auto","background-attachment":"scroll","background-type":"","background-media":"","overlay-type":"","overlay-color":"","overlay-opacity":"","overlay-gradient":""}},"jetpack_post_was_ever_published":false,"_joinchat":[],"jetpack_publicize_message":"","jetpack_publicize_feature_enabled":true,"jetpack_social_post_already_shared":true,"jetpack_social_options":{"image_generator_settings":{"template":"highway","enabled":false},"version":2}},"product_brand":[],"product_cat":[17],"product_tag":[],"class_list":{"0":"post-145","1":"product","2":"type-product","3":"status-publish","4":"has-post-thumbnail","6":"product_cat-sistemas-its","7":"desktop-align-left","8":"tablet-align-left","9":"mobile-align-left","11":"first","12":"instock","13":"taxable","14":"shipping-taxable","15":"purchasable","16":"product-type-simple"},"jetpack_publicize_connections":[],"jetpack_sharing_enabled":true,"jetpack-related-posts":[],"_links":{"self":[{"href":"http:\/\/adtec.com.gt\/tienda\/index.php\/wp-json\/wp\/v2\/product\/145","targetHints":{"allow":["GET"]}}],"collection":[{"href":"http:\/\/adtec.com.gt\/tienda\/index.php\/wp-json\/wp\/v2\/product"}],"about":[{"href":"http:\/\/adtec.com.gt\/tienda\/index.php\/wp-json\/wp\/v2\/types\/product"}],"wp:featuredmedia":[{"embeddable":true,"href":"http:\/\/adtec.com.gt\/tienda\/index.php\/wp-json\/wp\/v2\/media\/257"}],"wp:attachment":[{"href":"http:\/\/adtec.com.gt\/tienda\/index.php\/wp-json\/wp\/v2\/media?parent=145"}],"wp:term":[{"taxonomy":"product_brand","embeddable":true,"href":"http:\/\/adtec.com.gt\/tienda\/index.php\/wp-json\/wp\/v2\/product_brand?post=145"},{"taxonomy":"product_cat","embeddable":true,"href":"http:\/\/adtec.com.gt\/tienda\/index.php\/wp-json\/wp\/v2\/product_cat?post=145"},{"taxonomy":"product_tag","embeddable":true,"href":"http:\/\/adtec.com.gt\/tienda\/index.php\/wp-json\/wp\/v2\/product_tag?post=145"}],"curies":[{"name":"wp","href":"https:\/\/api.w.org\/{rel}","templated":true}]}}